{"id":251,"date":"2025-05-22T23:51:31","date_gmt":"2025-05-22T21:51:31","guid":{"rendered":"http:\/\/devisdeswg.cluster028.hosting.ovh.net\/fabi\/?page_id=251"},"modified":"2025-11-02T17:37:46","modified_gmt":"2025-11-02T16:37:46","slug":"chi-sono","status":"publish","type":"page","link":"https:\/\/fabiolafainelli.com\/en\/chi-sono\/","title":{"rendered":"Chi sono"},"content":{"rendered":"<div class=\"wp-block-group alignfull is-layout-flow wp-block-group-is-layout-flow\" style=\"margin-top:var(--wp--preset--spacing--60)\">\n<div class=\"wp-block-media-text alignfull has-media-on-the-right is-stacked-on-mobile is-vertically-aligned-center is-style-default\" style=\"border-style:none;border-width:0px;border-radius:0px;margin-top:0;margin-right:0;margin-left:0px;padding-top:0;padding-right:0px;padding-bottom:0;padding-left:0;grid-template-columns:auto 60%\"><div class=\"wp-block-media-text__content\">\n<div style=\"height:var(--wp--preset--spacing--20)\" aria-hidden=\"true\" class=\"wp-block-spacer\"><\/div>\n\n\n\n<h2 class=\"wp-block-heading has-text-align-center has-custom-color-1-color has-text-color has-link-color has-mattone-font-family has-medium-font-size wp-elements-c664bd8d69b6e414124d683c253507c1\">MY HISTORY AND EXPERIENCE<\/h2>\n\n\n\n<h2 class=\"wp-block-heading has-text-align-center is-style-text-display is-style-text-display--1 translation-block\">Fabiola,<br>\nthe founder of<br>\n\"Tira-mi-s\u00f9 yoga\"<\/h2>\n\n\n\n<h2 class=\"wp-block-heading has-text-align-left translation-block\"><em><strong>Fabiola is an Aquarian,<br>\nin the age of Aquarius.<\/strong><\/em><\/h2>\n\n\n\n<p class=\"has-text-align-center translation-block\"><b><i>She is not the one that is gonna tell you what to do,<br> she is the one that is gonna make you do questions.\u00a0<br><\/i><\/b>More than 20 years in the yoga way, less in meditation because in the beginning of her journey she didn't like it at all.\u00a0And then while practicing she discover the <i><b>power of subtle energies<\/b><\/i> and she follow in love for it, so simple and so powerful.<br><b><i>His lessons are a set of practices for your EVOLUTION,\n<br>that's the reason for the name Tira-mi-s\u00f9 = Pick-me-up<\/i><\/b><br>If you are looking for the classic way to teach, <br>sorry you are in the wrong place.<br><\/p>\n<\/div><figure class=\"wp-block-media-text__media\"><img loading=\"lazy\" decoding=\"async\" width=\"1200\" height=\"1045\" src=\"https:\/\/fabiolafainelli.com\/wp-content\/uploads\/2025\/05\/29776ebb-0fea-41f1-955c-4689de07cf2e.jpg\" alt=\"\" class=\"wp-image-258 size-full\" srcset=\"https:\/\/fabiolafainelli.com\/wp-content\/uploads\/2025\/05\/29776ebb-0fea-41f1-955c-4689de07cf2e.jpg 1200w, https:\/\/fabiolafainelli.com\/wp-content\/uploads\/2025\/05\/29776ebb-0fea-41f1-955c-4689de07cf2e-300x261.jpg 300w, https:\/\/fabiolafainelli.com\/wp-content\/uploads\/2025\/05\/29776ebb-0fea-41f1-955c-4689de07cf2e-1024x892.jpg 1024w, https:\/\/fabiolafainelli.com\/wp-content\/uploads\/2025\/05\/29776ebb-0fea-41f1-955c-4689de07cf2e-768x669.jpg 768w\" sizes=\"auto, (max-width: 1200px) 100vw, 1200px\" \/><\/figure><\/div>\n<\/div>\n\n\n\n<div style=\"height:var(--wp--preset--spacing--50)\" aria-hidden=\"true\" class=\"wp-block-spacer\"><\/div>\n\n\n\n<div class=\"wp-block-group alignfull has-base-background-color has-background is-content-justification-center is-layout-flex wp-container-core-group-is-layout-74fdb481 wp-block-group-is-layout-flex\" style=\"padding-top:var(--wp--preset--spacing--60);padding-bottom:var(--wp--preset--spacing--60)\">\n<figure class=\"wp-block-image size-full\"><a href=\"https:\/\/theyogainstitute.org\/\" target=\"_blank\" rel=\" noreferrer noopener\"><img loading=\"lazy\" decoding=\"async\" width=\"200\" height=\"125\" src=\"https:\/\/fabiolafainelli.com\/wp-content\/uploads\/2025\/05\/yoga-institute.jpg\" alt=\"\" class=\"wp-image-210\" style=\"box-shadow:var(--wp--preset--shadow--natural);object-fit:cover\"\/><\/a><\/figure>\n\n\n\n<figure class=\"wp-block-image size-full\"><a href=\"https:\/\/www.efoa.it\/\" target=\"_blank\" rel=\" noreferrer noopener\"><img loading=\"lazy\" decoding=\"async\" width=\"200\" height=\"84\" src=\"https:\/\/fabiolafainelli.com\/wp-content\/uploads\/2025\/05\/efoa.png\" alt=\"\" class=\"wp-image-211\" style=\"box-shadow:var(--wp--preset--shadow--natural);object-fit:cover\"\/><\/a><\/figure>\n\n\n\n<figure class=\"wp-block-image size-full\"><a href=\"https:\/\/shantapanischool.com\/\" target=\"_blank\" rel=\" noreferrer noopener\"><img loading=\"lazy\" decoding=\"async\" width=\"200\" height=\"141\" src=\"https:\/\/fabiolafainelli.com\/wp-content\/uploads\/2025\/05\/shanta-pani.jpg\" alt=\"\" class=\"wp-image-212\" style=\"box-shadow:var(--wp--preset--shadow--natural);object-fit:cover\"\/><\/a><\/figure>\n\n\n\n<figure class=\"wp-block-image size-full\"><a href=\"https:\/\/kopanmonastery.com\/\" target=\"_blank\" rel=\" noreferrer noopener\"><img loading=\"lazy\" decoding=\"async\" width=\"160\" height=\"139\" src=\"https:\/\/fabiolafainelli.com\/wp-content\/uploads\/2025\/05\/kopan_monastery.png\" alt=\"\" class=\"wp-image-213\" style=\"box-shadow:var(--wp--preset--shadow--natural);object-fit:cover\"\/><\/a><\/figure>\n\n\n\n<figure class=\"wp-block-image size-full\"><a href=\"https:\/\/www.hiyogacentre.com\/\" target=\"_blank\" rel=\" noreferrer noopener\"><img loading=\"lazy\" decoding=\"async\" width=\"200\" height=\"57\" src=\"https:\/\/fabiolafainelli.com\/wp-content\/uploads\/2025\/05\/himalayan-iyengar-yoga-centre.png\" alt=\"\" class=\"wp-image-214\" style=\"box-shadow:var(--wp--preset--shadow--natural)\"\/><\/a><\/figure>\n\n\n\n<figure class=\"wp-block-image size-full is-resized\"><a href=\"https:\/\/mandali.org\/\" target=\"_blank\" rel=\" noreferrer noopener\"><img loading=\"lazy\" decoding=\"async\" width=\"200\" height=\"200\" src=\"https:\/\/fabiolafainelli.com\/wp-content\/uploads\/2025\/05\/mandali.jpg\" alt=\"\" class=\"wp-image-215\" style=\"box-shadow:var(--wp--preset--shadow--natural);width:150px\" srcset=\"https:\/\/fabiolafainelli.com\/wp-content\/uploads\/2025\/05\/mandali.jpg 200w, https:\/\/fabiolafainelli.com\/wp-content\/uploads\/2025\/05\/mandali-150x150.jpg 150w\" sizes=\"auto, (max-width: 200px) 100vw, 200px\" \/><\/a><\/figure>\n<\/div>\n\n\n\n<div style=\"height:var(--wp--preset--spacing--50)\" aria-hidden=\"true\" class=\"wp-block-spacer\"><\/div>\n\n\n\n<div class=\"wp-block-group alignwide is-layout-flow wp-block-group-is-layout-flow\">\n<div class=\"wp-block-media-text alignwide is-stacked-on-mobile is-vertically-aligned-center\"><figure class=\"wp-block-media-text__media\"><img loading=\"lazy\" decoding=\"async\" width=\"668\" height=\"835\" src=\"https:\/\/fabiolafainelli.com\/wp-content\/uploads\/2025\/05\/chi-sono.png\" alt=\"\" class=\"wp-image-285 size-full\" srcset=\"https:\/\/fabiolafainelli.com\/wp-content\/uploads\/2025\/05\/chi-sono.png 668w, https:\/\/fabiolafainelli.com\/wp-content\/uploads\/2025\/05\/chi-sono-240x300.png 240w\" sizes=\"auto, (max-width: 668px) 100vw, 668px\" \/><\/figure><div class=\"wp-block-media-text__content\">\n<h2 class=\"wp-block-heading has-text-align-center is-style-text-display is-style-text-display--2 translation-block\">Hey there, I'm Fabiola &amp; I can help you.<\/h2>\n\n\n\n<h2 class=\"wp-block-heading has-text-align-center has-x-large-font-size\">You've come to the right place &amp; I am so glad that you are here!<\/h2>\n\n\n\n<p class=\"has-text-align-center translation-block\">I am a <b><i>Woman<\/i><\/b>, a <b><i>Yogini<\/i><\/b>, a <b><i>Reiki Master<\/i><\/b> and an <b><i>explorer <\/i><\/b>with 72 countries visited. Through the years, I've realised that <b><i>the most misterious journey is the one within<\/i><\/b>. This travel is endless, with new discoveries and constant change. <b><i>Change is the sole certainty in life<\/i><\/b>, and I take pleasure in sharing ways to embrace, cultivate, and welcome it.<br><\/p>\n<\/div><\/div>\n<\/div>\n\n\n\n<div style=\"height:var(--wp--preset--spacing--50)\" aria-hidden=\"true\" class=\"wp-block-spacer\"><\/div>\n\n\n\n<div class=\"wp-block-group alignfull has-global-padding is-content-justification-center is-layout-constrained wp-block-group-is-layout-constrained\">\n<div class=\"wp-block-media-text alignwide has-media-on-the-right is-stacked-on-mobile is-vertically-aligned-top\" style=\"grid-template-columns:auto 20%\"><div class=\"wp-block-media-text__content\">\n<h2 class=\"wp-block-heading has-text-align-center is-style-text-display is-style-text-display--3\">I help people realize their ultimate potential in this life.<\/h2>\n<\/div><figure class=\"wp-block-media-text__media\"><img loading=\"lazy\" decoding=\"async\" width=\"646\" height=\"646\" src=\"https:\/\/fabiolafainelli.com\/wp-content\/uploads\/2025\/05\/5209-Fabilola-Logo-13-trim.png\" alt=\"\" class=\"wp-image-5 size-full\" srcset=\"https:\/\/fabiolafainelli.com\/wp-content\/uploads\/2025\/05\/5209-Fabilola-Logo-13-trim.png 646w, https:\/\/fabiolafainelli.com\/wp-content\/uploads\/2025\/05\/5209-Fabilola-Logo-13-trim-300x300.png 300w, https:\/\/fabiolafainelli.com\/wp-content\/uploads\/2025\/05\/5209-Fabilola-Logo-13-trim-150x150.png 150w\" sizes=\"auto, (max-width: 646px) 100vw, 646px\" \/><\/figure><\/div>\n<\/div>\n\n\n\n<div style=\"height:var(--wp--preset--spacing--50)\" aria-hidden=\"true\" class=\"wp-block-spacer\"><\/div>\n\n\n\n<div class=\"wp-block-group alignwide is-content-justification-center is-layout-flex wp-container-core-group-is-layout-cca5d157 wp-block-group-is-layout-flex\">\n<div class=\"wp-block-group alignwide has-global-padding is-layout-constrained wp-block-group-is-layout-constrained\">\n<figure class=\"wp-block-image aligncenter size-full is-resized\"><img loading=\"lazy\" decoding=\"async\" width=\"800\" height=\"831\" src=\"https:\/\/fabiolafainelli.com\/wp-content\/uploads\/2025\/05\/img_4495.jpg\" alt=\"\" class=\"wp-image-288\" style=\"width:400px\" srcset=\"https:\/\/fabiolafainelli.com\/wp-content\/uploads\/2025\/05\/img_4495.jpg 800w, https:\/\/fabiolafainelli.com\/wp-content\/uploads\/2025\/05\/img_4495-289x300.jpg 289w, https:\/\/fabiolafainelli.com\/wp-content\/uploads\/2025\/05\/img_4495-768x798.jpg 768w\" sizes=\"auto, (max-width: 800px) 100vw, 800px\" \/><figcaption class=\"wp-element-caption\"><em>This is me &amp; my beloved Mom, since the beginning she support my journey in the yoga way!<\/em><\/figcaption><\/figure>\n<\/div>\n\n\n\n<div class=\"wp-block-group has-global-padding is-layout-constrained wp-block-group-is-layout-constrained\">\n<h2 class=\"wp-block-heading has-text-align-center is-style-text-display has-custom-color-1-color has-text-color has-link-color has-x-large-font-size wp-elements-e339ce287276038080f96fa1c8df226a is-style-text-display--4\"><strong>My history and experience<\/strong><\/h2>\n\n\n\n<p class=\"has-text-align-center\"><em>I started practicing yoga for myself, I was an event planner and it's one of the most stressful jobs ever. I tried a lesson and I remember that at night I slept like never before and then I felt muscles that I didn't even remember having, fantastic! And so I continued and now slowly I have come to 20 years of yoga practice and studies in different types of styles, reaching 1820 hours of teacher training course between India, Italy and Nepal (of some of them I put the logos above, click and you will go to the site), I created my classes to reconnect you with all the parts of you, starting from the cells and acquire awareness and connection between the biological and energetic parts. And as icing on the cake, yogic philosophy seen in a modern key.<\/em><\/p>\n<\/div>\n<\/div>\n\n\n\n<div style=\"height:var(--wp--preset--spacing--50)\" aria-hidden=\"true\" class=\"wp-block-spacer\"><\/div>\n\n\n\n<div class=\"wp-block-cover alignfull is-light has-custom-content-position is-position-top-center\" style=\"min-height:800px;aspect-ratio:unset;\"><span aria-hidden=\"true\" class=\"wp-block-cover__background has-accent-4-background-color has-background-dim-100 has-background-dim\"><\/span><div class=\"wp-block-cover__inner-container has-global-padding is-layout-constrained wp-block-cover-is-layout-constrained\">\n<div style=\"height:var(--wp--preset--spacing--50)\" aria-hidden=\"true\" class=\"wp-block-spacer\"><\/div>\n\n\n\n<h2 class=\"wp-block-heading has-text-align-center is-style-text-display is-style-text-display--5 translation-block\">THIS <em>or THAT<\/em><\/h2>\n\n\n\n<div style=\"height:var(--wp--preset--spacing--50)\" aria-hidden=\"true\" class=\"wp-block-spacer\"><\/div>\n\n\n\n<div class=\"wp-block-columns alignwide is-layout-flex wp-container-core-columns-is-layout-28f84493 wp-block-columns-is-layout-flex\">\n<div class=\"wp-block-column is-layout-flow wp-block-column-is-layout-flow\">\n<figure class=\"wp-block-image size-full\"><img loading=\"lazy\" decoding=\"async\" width=\"522\" height=\"522\" src=\"https:\/\/fabiolafainelli.com\/wp-content\/uploads\/2025\/05\/questo-o-quello.jpg\" alt=\"\" class=\"wp-image-291\" style=\"aspect-ratio:1;object-fit:cover\" srcset=\"https:\/\/fabiolafainelli.com\/wp-content\/uploads\/2025\/05\/questo-o-quello.jpg 522w, https:\/\/fabiolafainelli.com\/wp-content\/uploads\/2025\/05\/questo-o-quello-300x300.jpg 300w, https:\/\/fabiolafainelli.com\/wp-content\/uploads\/2025\/05\/questo-o-quello-150x150.jpg 150w\" sizes=\"auto, (max-width: 522px) 100vw, 522px\" \/><\/figure>\n<\/div>\n\n\n\n<div class=\"wp-block-column is-layout-flow wp-block-column-is-layout-flow\">\n<figure class=\"wp-block-image size-full\"><img loading=\"lazy\" decoding=\"async\" width=\"537\" height=\"489\" src=\"https:\/\/fabiolafainelli.com\/wp-content\/uploads\/2025\/05\/Screenshot-2025-05-26-225844.png\" alt=\"\" class=\"wp-image-292\" style=\"aspect-ratio:1;object-fit:cover\" srcset=\"https:\/\/fabiolafainelli.com\/wp-content\/uploads\/2025\/05\/Screenshot-2025-05-26-225844.png 725w, https:\/\/fabiolafainelli.com\/wp-content\/uploads\/2025\/05\/Screenshot-2025-05-26-225844-300x282.png 300w, https:\/\/fabiolafainelli.com\/wp-content\/uploads\/2025\/05\/Screenshot-2025-05-26-225844-13x12.png 13w\" sizes=\"auto, (max-width: 537px) 100vw, 537px\" \/><\/figure>\n<\/div>\n<\/div>\n\n\n\n<div style=\"height:var(--wp--preset--spacing--50)\" aria-hidden=\"true\" class=\"wp-block-spacer\"><\/div>\n<\/div><\/div>\n\n\n\n<div class=\"wp-block-cover alignfull has-parallax\" style=\"margin-top:0px;margin-bottom:0px;min-height:600px;aspect-ratio:unset;\"><div class=\"wp-block-cover__image-background wp-image-222 size-full has-parallax\" style=\"background-position:50% 50%;background-image:url(https:\/\/fabiolafainelli.com\/wp-content\/uploads\/2025\/05\/baselifescience_baveno_039_1.jpg)\"><\/div><span aria-hidden=\"true\" class=\"wp-block-cover__background has-background-dim\" style=\"background-color:#3c2d11\"><\/span><div class=\"wp-block-cover__inner-container has-global-padding is-layout-constrained wp-block-cover-is-layout-constrained\">\n<h2 class=\"wp-block-heading has-text-align-center has-base-color has-text-color has-link-color has-x-large-font-size wp-elements-8f7c63b875ba3b301b4fbc52c23dd8ef\">WORK WITH ME<\/h2>\n\n\n\n<h2 class=\"wp-block-heading has-text-align-center is-style-text-display has-base-color has-text-color has-link-color wp-elements-a683eafd1257de39ac52aaf02bb995e9 is-style-text-display--6\">Are you ready to ELEVATE your life?<\/h2>\n\n\n\n<div class=\"wp-block-buttons is-content-justification-center is-layout-flex wp-container-core-buttons-is-layout-a89b3969 wp-block-buttons-is-layout-flex\">\n<div class=\"wp-block-button\"><a class=\"wp-block-button__link has-background has-medium-font-size has-custom-font-size wp-element-button\" href=\"https:\/\/fabiolafainelli.com\/en\/contatti\/\" style=\"border-width:2px;border-radius:0px;background-color:#ffffff00;font-style:normal;font-weight:400\">LET'S START NOW<\/a><\/div>\n<\/div>\n<\/div><\/div>\n\n\n\n<div style=\"height:var(--wp--preset--spacing--50)\" aria-hidden=\"true\" class=\"wp-block-spacer\"><\/div>","protected":false},"excerpt":{"rendered":"<p>STORIA ED ESPERIENZA Fabiola, l&#8217;insegnante fondatrice di&#8220;Tira-mi-s\u00f9 Yoga&#8221; Fabiola \u00e8 un Acquario,nell&#8217;era dell&#8217;Acquario. Non \u00e8 lei che ti dir\u00e0 cosa fare, \u00e8 lei che ti far\u00e0 fare domande. Pi\u00f9 di 20 anni nel modo dello yoga, meno nella meditazione, perch\u00e9 all&#8217;inizio del suo percorso non le piaceva per nulla.&nbsp;E poi, durante gli anni di pratica, [&hellip;]<\/p>\n","protected":false},"author":1,"featured_media":0,"parent":0,"menu_order":0,"comment_status":"closed","ping_status":"closed","template":"","meta":{"footnotes":""},"class_list":["post-251","page","type-page","status-publish","hentry"],"yoast_head":"<!-- This site is optimized with the Yoast SEO plugin v27.3 - https:\/\/yoast.com\/product\/yoast-seo-wordpress\/ -->\n<title>Chi sono - Fabiola Fainelli<\/title>\n<meta name=\"robots\" content=\"index, follow, max-snippet:-1, max-image-preview:large, max-video-preview:-1\" \/>\n<link rel=\"canonical\" href=\"https:\/\/fabiolafainelli.com\/en\/chi-sono\/\" \/>\n<meta property=\"og:locale\" content=\"en_GB\" \/>\n<meta property=\"og:type\" content=\"article\" \/>\n<meta property=\"og:title\" content=\"Chi sono - Fabiola Fainelli\" \/>\n<meta property=\"og:description\" content=\"STORIA ED ESPERIENZA Fabiola, l&#8217;insegnante fondatrice di&#8220;Tira-mi-s\u00f9 Yoga&#8221; Fabiola \u00e8 un Acquario,nell&#8217;era dell&#8217;Acquario. Non \u00e8 lei che ti dir\u00e0 cosa fare, \u00e8 lei che ti far\u00e0 fare domande. Pi\u00f9 di 20 anni nel modo dello yoga, meno nella meditazione, perch\u00e9 all&#8217;inizio del suo percorso non le piaceva per nulla.&nbsp;E poi, durante gli anni di pratica, [&hellip;]\" \/>\n<meta property=\"og:url\" content=\"https:\/\/fabiolafainelli.com\/en\/chi-sono\/\" \/>\n<meta property=\"og:site_name\" content=\"Fabiola Fainelli\" \/>\n<meta property=\"article:modified_time\" content=\"2025-11-02T16:37:46+00:00\" \/>\n<meta property=\"og:image\" content=\"https:\/\/fabiolafainelli.com\/wp-content\/uploads\/2025\/05\/29776ebb-0fea-41f1-955c-4689de07cf2e.jpg\" \/>\n\t<meta property=\"og:image:width\" content=\"1200\" \/>\n\t<meta property=\"og:image:height\" content=\"1045\" \/>\n\t<meta property=\"og:image:type\" content=\"image\/jpeg\" \/>\n<meta name=\"twitter:card\" content=\"summary_large_image\" \/>\n<meta name=\"twitter:label1\" content=\"Estimated reading time\" \/>\n\t<meta name=\"twitter:data1\" content=\"5 minutes\" \/>\n<script type=\"application\/ld+json\" class=\"yoast-schema-graph\">{\"@context\":\"https:\\\/\\\/schema.org\",\"@graph\":[{\"@type\":\"WebPage\",\"@id\":\"https:\\\/\\\/fabiolafainelli.com\\\/chi-sono\\\/\",\"url\":\"https:\\\/\\\/fabiolafainelli.com\\\/chi-sono\\\/\",\"name\":\"Chi sono - Fabiola Fainelli\",\"isPartOf\":{\"@id\":\"https:\\\/\\\/fabiolafainelli.com\\\/#website\"},\"primaryImageOfPage\":{\"@id\":\"https:\\\/\\\/fabiolafainelli.com\\\/chi-sono\\\/#primaryimage\"},\"image\":{\"@id\":\"https:\\\/\\\/fabiolafainelli.com\\\/chi-sono\\\/#primaryimage\"},\"thumbnailUrl\":\"https:\\\/\\\/fabiolafainelli.com\\\/wp-content\\\/uploads\\\/2025\\\/05\\\/29776ebb-0fea-41f1-955c-4689de07cf2e.jpg\",\"datePublished\":\"2025-05-22T21:51:31+00:00\",\"dateModified\":\"2025-11-02T16:37:46+00:00\",\"breadcrumb\":{\"@id\":\"https:\\\/\\\/fabiolafainelli.com\\\/chi-sono\\\/#breadcrumb\"},\"inLanguage\":\"en-GB\",\"potentialAction\":[{\"@type\":\"ReadAction\",\"target\":[\"https:\\\/\\\/fabiolafainelli.com\\\/chi-sono\\\/\"]}]},{\"@type\":\"ImageObject\",\"inLanguage\":\"en-GB\",\"@id\":\"https:\\\/\\\/fabiolafainelli.com\\\/chi-sono\\\/#primaryimage\",\"url\":\"https:\\\/\\\/fabiolafainelli.com\\\/wp-content\\\/uploads\\\/2025\\\/05\\\/29776ebb-0fea-41f1-955c-4689de07cf2e.jpg\",\"contentUrl\":\"https:\\\/\\\/fabiolafainelli.com\\\/wp-content\\\/uploads\\\/2025\\\/05\\\/29776ebb-0fea-41f1-955c-4689de07cf2e.jpg\"},{\"@type\":\"BreadcrumbList\",\"@id\":\"https:\\\/\\\/fabiolafainelli.com\\\/chi-sono\\\/#breadcrumb\",\"itemListElement\":[{\"@type\":\"ListItem\",\"position\":1,\"name\":\"Home\",\"item\":\"https:\\\/\\\/fabiolafainelli.com\\\/\"},{\"@type\":\"ListItem\",\"position\":2,\"name\":\"Chi sono\"}]},{\"@type\":\"WebSite\",\"@id\":\"https:\\\/\\\/fabiolafainelli.com\\\/#website\",\"url\":\"https:\\\/\\\/fabiolafainelli.com\\\/\",\"name\":\"Fabiola Fainelli\",\"description\":\"Yoga is Life\",\"potentialAction\":[{\"@type\":\"SearchAction\",\"target\":{\"@type\":\"EntryPoint\",\"urlTemplate\":\"https:\\\/\\\/fabiolafainelli.com\\\/?s={search_term_string}\"},\"query-input\":{\"@type\":\"PropertyValueSpecification\",\"valueRequired\":true,\"valueName\":\"search_term_string\"}}],\"inLanguage\":\"en-GB\"}]}<\/script>\n<!-- \/ Yoast SEO plugin. -->","yoast_head_json":{"title":"Chi sono - Fabiola Fainelli","robots":{"index":"index","follow":"follow","max-snippet":"max-snippet:-1","max-image-preview":"max-image-preview:large","max-video-preview":"max-video-preview:-1"},"canonical":"https:\/\/fabiolafainelli.com\/en\/chi-sono\/","og_locale":"en_GB","og_type":"article","og_title":"Chi sono - Fabiola Fainelli","og_description":"STORIA ED ESPERIENZA Fabiola, l&#8217;insegnante fondatrice di&#8220;Tira-mi-s\u00f9 Yoga&#8221; Fabiola \u00e8 un Acquario,nell&#8217;era dell&#8217;Acquario. Non \u00e8 lei che ti dir\u00e0 cosa fare, \u00e8 lei che ti far\u00e0 fare domande. Pi\u00f9 di 20 anni nel modo dello yoga, meno nella meditazione, perch\u00e9 all&#8217;inizio del suo percorso non le piaceva per nulla.&nbsp;E poi, durante gli anni di pratica, [&hellip;]","og_url":"https:\/\/fabiolafainelli.com\/en\/chi-sono\/","og_site_name":"Fabiola Fainelli","article_modified_time":"2025-11-02T16:37:46+00:00","og_image":[{"width":1200,"height":1045,"url":"https:\/\/fabiolafainelli.com\/wp-content\/uploads\/2025\/05\/29776ebb-0fea-41f1-955c-4689de07cf2e.jpg","type":"image\/jpeg"}],"twitter_card":"summary_large_image","twitter_misc":{"Estimated reading time":"5 minutes"},"schema":{"@context":"https:\/\/schema.org","@graph":[{"@type":"WebPage","@id":"https:\/\/fabiolafainelli.com\/chi-sono\/","url":"https:\/\/fabiolafainelli.com\/chi-sono\/","name":"Chi sono - Fabiola Fainelli","isPartOf":{"@id":"https:\/\/fabiolafainelli.com\/#website"},"primaryImageOfPage":{"@id":"https:\/\/fabiolafainelli.com\/chi-sono\/#primaryimage"},"image":{"@id":"https:\/\/fabiolafainelli.com\/chi-sono\/#primaryimage"},"thumbnailUrl":"https:\/\/fabiolafainelli.com\/wp-content\/uploads\/2025\/05\/29776ebb-0fea-41f1-955c-4689de07cf2e.jpg","datePublished":"2025-05-22T21:51:31+00:00","dateModified":"2025-11-02T16:37:46+00:00","breadcrumb":{"@id":"https:\/\/fabiolafainelli.com\/chi-sono\/#breadcrumb"},"inLanguage":"en-GB","potentialAction":[{"@type":"ReadAction","target":["https:\/\/fabiolafainelli.com\/chi-sono\/"]}]},{"@type":"ImageObject","inLanguage":"en-GB","@id":"https:\/\/fabiolafainelli.com\/chi-sono\/#primaryimage","url":"https:\/\/fabiolafainelli.com\/wp-content\/uploads\/2025\/05\/29776ebb-0fea-41f1-955c-4689de07cf2e.jpg","contentUrl":"https:\/\/fabiolafainelli.com\/wp-content\/uploads\/2025\/05\/29776ebb-0fea-41f1-955c-4689de07cf2e.jpg"},{"@type":"BreadcrumbList","@id":"https:\/\/fabiolafainelli.com\/chi-sono\/#breadcrumb","itemListElement":[{"@type":"ListItem","position":1,"name":"Home","item":"https:\/\/fabiolafainelli.com\/"},{"@type":"ListItem","position":2,"name":"Chi sono"}]},{"@type":"WebSite","@id":"https:\/\/fabiolafainelli.com\/#website","url":"https:\/\/fabiolafainelli.com\/","name":"Fabiola Fainelli","description":"Yoga is Life","potentialAction":[{"@type":"SearchAction","target":{"@type":"EntryPoint","urlTemplate":"https:\/\/fabiolafainelli.com\/?s={search_term_string}"},"query-input":{"@type":"PropertyValueSpecification","valueRequired":true,"valueName":"search_term_string"}}],"inLanguage":"en-GB"}]}},"_links":{"self":[{"href":"https:\/\/fabiolafainelli.com\/en\/wp-json\/wp\/v2\/pages\/251","targetHints":{"allow":["GET"]}}],"collection":[{"href":"https:\/\/fabiolafainelli.com\/en\/wp-json\/wp\/v2\/pages"}],"about":[{"href":"https:\/\/fabiolafainelli.com\/en\/wp-json\/wp\/v2\/types\/page"}],"author":[{"embeddable":true,"href":"https:\/\/fabiolafainelli.com\/en\/wp-json\/wp\/v2\/users\/1"}],"replies":[{"embeddable":true,"href":"https:\/\/fabiolafainelli.com\/en\/wp-json\/wp\/v2\/comments?post=251"}],"version-history":[{"count":59,"href":"https:\/\/fabiolafainelli.com\/en\/wp-json\/wp\/v2\/pages\/251\/revisions"}],"predecessor-version":[{"id":868,"href":"https:\/\/fabiolafainelli.com\/en\/wp-json\/wp\/v2\/pages\/251\/revisions\/868"}],"wp:attachment":[{"href":"https:\/\/fabiolafainelli.com\/en\/wp-json\/wp\/v2\/media?parent=251"}],"curies":[{"name":"wp","href":"https:\/\/api.w.org\/{rel}","templated":true}]}}